{"id":1945,"date":"2026-03-24T20:06:49","date_gmt":"2026-03-24T20:06:49","guid":{"rendered":"https:\/\/adiuvis.medienimpuls.dev\/weiden\/informationspflicht\/"},"modified":"2026-03-26T08:23:32","modified_gmt":"2026-03-26T08:23:32","slug":"informationspflicht","status":"publish","type":"page","link":"https:\/\/www.adiuvis.de\/weiden\/informationspflicht\/","title":{"rendered":"Informationspflicht"},"content":{"rendered":"\n<div class=\"wp-block-group alignfull is-layout-flow wp-block-group-is-layout-flow\">\n<section class=\"wp-block-group alignfull is-layout-flow wp-block-group-is-layout-flow\" style=\"margin-top:0;margin-bottom:0\">\n<div class=\"wp-block-group alignfull is-style-section-contrast mi-brand-element mi-brand-element--header mi-hero mi-hero--text-image has-global-padding is-layout-constrained wp-block-group-is-layout-constrained is-style-section-contrast--1\" style=\"padding-top:var(--wp--preset--spacing--x-large);padding-bottom:var(--wp--preset--spacing--x-large)\">\n<div class=\"wp-block-group is-vertical is-layout-flex wp-container-core-group-is-layout-fe9cc265 wp-block-group-is-layout-flex\">\n<h1 id=\"greyd-6a01e32505ab0\" class=\"wp-block-heading dyn\">Informationspflicht nach Art. 12 \u2013 14 DSGVO<\/h1>\n\n\n\n<h2 class=\"wp-block-heading dyn has-heading-3-font-size\">Folgende Informationen stellen wir Ihnen hiermit zur Verf\u00fcgung:<\/h2>\n<\/div>\n\n\n\n<div class=\"wp-block-group alignwide is-layout-flow wp-container-core-group-is-layout-d813fb5b wp-block-group-is-layout-flow\"><\/div>\n<\/div>\n<\/section>\n<\/div>\n\n\n\n<div class=\"wp-block-group has-global-padding is-layout-constrained wp-block-group-is-layout-constrained\" style=\"margin-top:var(--wp--preset--spacing--x-large);margin-bottom:var(--wp--preset--spacing--x-large)\">\n<div class=\"wp-block-group has-global-padding is-layout-constrained wp-block-group-is-layout-constrained\">\n<h2 class=\"wp-block-heading\">Kontaktdaten Verantwortlicher<\/h2>\n\n\n\n<p><strong>ADIUVIS Steuerberater Gerhard Schurig und Partner (Partnerschaftsgesellschaft)<\/strong><br>Bayreuther Str. 11a<br>95615 Marktredwitz<br>Telefon: 09231\/9977-0<br>E-Mail:&nbsp;<a href=\"mailto:info@adiuvis.de\">info@adiuvis.de<\/a><br>Web:&nbsp;<a href=\"https:\/\/www.adiuvis.de\/\" target=\"_blank\" rel=\"noreferrer noopener\">www.adiuvis.de<\/a><\/p>\n\n\n\n<h2 class=\"wp-block-heading\">Kontaktdaten Datenschutzbeauftragter<\/h2>\n\n\n\n<p>Thomas P\u00f6\u00dfnecker<br>Adolf-Cloeter-Str. 1<br>95100 Selb<br>Telefon: 09287\/9681-0<br>E-Mail:&nbsp;<a href=\"mailto:dsb@adiuvis.de\">dsb@adiuvis.de<\/a><\/p>\n\n\n\n<h2 class=\"wp-block-heading\">Zweck der Verarbeitung<\/h2>\n\n\n\n<p>Erf\u00fcllung des Steuerberatervertrages<\/p>\n\n\n\n<h2 class=\"wp-block-heading\">Empf\u00e4nger der personenbezogenen Daten<\/h2>\n\n\n\n<ul class=\"wp-block-list\">\n<li>Finanz\u00e4mter und Beh\u00f6rden<\/li>\n\n\n\n<li>DATEV eG, 90329 N\u00fcrnberg<\/li>\n<\/ul>\n\n\n\n<h2 class=\"wp-block-heading\">\u00dcbermittlungsabsicht in Drittl\u00e4nder und an internationale Organisationen<\/h2>\n\n\n\n<p>Eine \u00dcbermittlung in Drittl\u00e4nder sowie an internationale Organisationen findet nicht statt.<\/p>\n\n\n\n<h2 class=\"wp-block-heading\">Dauer der Speicherung der personenbezogenen Daten<\/h2>\n\n\n\n<p>Ihre Daten werden nach der Erhebung bei ADIUVIS so lange gespeichert, wie dies unter Beachtung der gesetzlichen Aufbewahrungsfristen f\u00fcr die jeweilige Aufgabenerf\u00fcllung erforderlich ist. N\u00e4here Angaben hier\u00fcber sind unserem L\u00f6schkonzept zu entnehmen.<\/p>\n\n\n\n<h2 class=\"wp-block-heading\">Betroffenenrechte<\/h2>\n\n\n\n<p>Nach der EU-Datenschutzgrundverordnung stehen Ihnen folgende Rechte zu:<\/p>\n\n\n\n<p>Werden Ihre personenbezogenen Daten verarbeitet, so haben Sie das Recht, Auskunft \u00fcber die zu Ihrer Person gespeicherten Daten zu erhalten (Art.&nbsp;15 DSGVO).<\/p>\n\n\n\n<p>Sollten unrichtige personenbezogene Daten verarbeitet werden, steht Ihnen ein Recht auf Berichtigung zu (Art.&nbsp;16 DSGVO).<\/p>\n\n\n\n<p>Liegen die gesetzlichen Voraussetzungen vor, so k\u00f6nnen Sie die L\u00f6schung oder Einschr\u00e4nkung der Verarbeitung verlangen sowie Widerspruch gegen die Verarbeitung einlegen (Art.&nbsp;17, 18 und 21 DSGVO).<\/p>\n\n\n\n<p>Wenn Sie in die Datenverarbeitung eingewilligt haben oder ein Vertrag zur Datenverarbeitung besteht und die Datenverarbeitung mithilfe automatisierter Verfahren durchgef\u00fchrt wird, steht Ihnen gegebenenfalls ein Recht auf Daten\u00fcbertragbarkeit zu (Art.&nbsp;20 DSGVO).<\/p>\n\n\n\n<p><strong>Hinweis:<\/strong>&nbsp;Der Gebrauch Ihrer oben genannten Rechte kann zu einer eingeschr\u00e4nkten oder unm\u00f6glichen Vertragserf\u00fcllung f\u00fchren.<\/p>\n\n\n\n<p>Sollten Sie von Ihren oben genannten Rechten Gebrauch machen, pr\u00fcft ADIUVIS, ob die gesetzlichen Voraussetzungen hierf\u00fcr erf\u00fcllt sind.<\/p>\n\n\n\n<h2 class=\"wp-block-heading\">Aus\u00fcbung Ihrer Rechte<\/h2>\n\n\n\n<p>Zur Aus\u00fcbung Ihrer Rechte wenden Sie sich bitte an den Datenschutzbeauftragten:<\/p>\n\n\n\n<p>Thomas P\u00f6\u00dfnecker<br>Adolf-Cloeter-Str. 1<br>95100 Selb<br>Telefon: 09287\/9681-0<br>E-Mail:&nbsp;<a href=\"mailto:dsb@adiuvis.de\">dsb@adiuvis.de<\/a><\/p>\n\n\n\n<h2 class=\"wp-block-heading\">Beschwerderecht<\/h2>\n\n\n\n<p>Bei datenschutzrechtlichen Beschwerden k\u00f6nnen Sie sich an die zust\u00e4ndige Aufsichtsbeh\u00f6rde wenden:<\/p>\n\n\n\n<p>Bayerisches Landesamt f\u00fcr Datenschutz<br>Promenade 27 (Schloss)<br>91522 Ansbach<br>Telefon: +49 (0) 981 53 1300<br>Telefax: +49 (0) 981 53 98 1300<br>E-Mail:&nbsp;<a href=\"mailto:poststelle@lda.bayern.de\">poststelle@lda.bayern.de<\/a><\/p>\n<\/div>\n<\/div>\n","protected":false},"excerpt":{"rendered":"","protected":false},"author":1,"featured_media":0,"parent":0,"menu_order":0,"comment_status":"closed","ping_status":"closed","template":"","meta":{"greyd_block_editor_preview":[],"footnotes":""},"class_list":["post-1945","page","type-page","status-publish","hentry"],"_links":{"self":[{"href":"https:\/\/www.adiuvis.de\/weiden\/wp-json\/wp\/v2\/pages\/1945","targetHints":{"allow":["GET"]}}],"collection":[{"href":"https:\/\/www.adiuvis.de\/weiden\/wp-json\/wp\/v2\/pages"}],"about":[{"href":"https:\/\/www.adiuvis.de\/weiden\/wp-json\/wp\/v2\/types\/page"}],"author":[{"embeddable":true,"href":"https:\/\/www.adiuvis.de\/weiden\/wp-json\/wp\/v2\/users\/1"}],"replies":[{"embeddable":true,"href":"https:\/\/www.adiuvis.de\/weiden\/wp-json\/wp\/v2\/comments?post=1945"}],"version-history":[{"count":0,"href":"https:\/\/www.adiuvis.de\/weiden\/wp-json\/wp\/v2\/pages\/1945\/revisions"}],"wp:attachment":[{"href":"https:\/\/www.adiuvis.de\/weiden\/wp-json\/wp\/v2\/media?parent=1945"}],"curies":[{"name":"wp","href":"https:\/\/api.w.org\/{rel}","templated":true}]}}