{"id":706,"date":"2026-03-17T21:49:32","date_gmt":"2026-03-17T21:49:32","guid":{"rendered":"https:\/\/adiuvis.medienimpuls.dev\/selb\/leistungen\/"},"modified":"2026-04-29T13:46:44","modified_gmt":"2026-04-29T13:46:44","slug":"leistungen","status":"publish","type":"page","link":"https:\/\/www.adiuvis.de\/selb\/leistungen\/","title":{"rendered":"Leistungen"},"content":{"rendered":"\n<div class=\"wp-block-group alignfull is-layout-flow wp-block-group-is-layout-flow\">\n<section class=\"wp-block-group alignfull is-style-section-contrast mi-brand-element mi-brand-element--header mi-hero mi-hero--text-image has-global-padding is-layout-constrained wp-block-group-is-layout-constrained is-style-section-contrast--1\" style=\"padding-top:var(--wp--preset--spacing--x-large);padding-bottom:var(--wp--preset--spacing--x-large)\">\n<div class=\"wp-block-group alignwide is-vertical is-layout-flex wp-container-core-group-is-layout-c5442126 wp-block-group-is-layout-flex\"><div  class=\"dynamic dyn\">\n<div class=\"wp-block-group u-grid-cols-2 is-layout-grid wp-container-core-group-is-layout-e2bd5cb0 wp-block-group-is-layout-grid\">\n<div class=\"wp-block-group is-vertical is-layout-flex wp-container-core-group-is-layout-fe9cc265 wp-block-group-is-layout-flex\">\n<h1 id=\"greyd-6a01e316d9cec\" class=\"wp-block-heading dyn\"><em>Vollumf\u00e4ngliche Beratung<\/em> f\u00fcr Ihren unternehmerischen Erfolg<\/h1>\n\n\n<\/div>\n\n\n\n<div class=\"wp-block-group is-vertical is-layout-flex wp-container-core-group-is-layout-fe9cc265 wp-block-group-is-layout-flex\">\n<p class=\"dyn\">Wir b\u00fcndeln alle wesentlichen Schl\u00fcsselkompetenzen rund um die Steuerberatung, Rechtsberatung, Wirtschaftspr\u00fcfung, Consulting und digitalen Services in einer starken Alliance. So haben Sie einen Partner, der Sie und Ihr Gesch\u00e4ftsmodell ganzheitlich versteht \u2013 und L\u00f6sungen liefert, die fachlich tief und zugleich praxisnah sind.<\/p>\n\n\n\n<div class=\"wp-block-greyd-buttons\"><a  href=\"https:\/\/www.adiuvis.de\/selb\/kontakt\/\" title=\"Kontakt\" class=\"button dyn gs_tFrsyo \"><span style=\"flex:1\">Erstgespr\u00e4ch vereinbaren<\/span><span class=\"arrow_right\" style=\"vertical-align:middle;font-size:100%;margin-left:10px\" aria-hidden=\"true\"><\/span><\/a>\n\n<a  href=\"#leistungen\" aria-label=\"Scroll to leistungen\" class=\"button is-style-sec dyn gs_mBPolB \"><span style=\"flex:1\">Leistungen<\/span><span class=\"arrow_right\" style=\"vertical-align:middle\" aria-hidden=\"true\"><\/span><\/a><\/div>\n<\/div>\n<\/div>\n<\/div>\n\n<figure style=\"\" class=\"wp-block-image greyd-image mi-rounded dyn  gs_x3OD8I\"><img loading=\"lazy\" decoding=\"async\" width=\"2048\" height=\"1152\" src=\"https:\/\/www.adiuvis.de\/selb\/wp-content\/uploads\/sites\/8\/2026\/03\/adiuvis-img-16x9-hero-5-2048x1152.jpg\" class=\"wp-image-1018\" alt=\"adiuvis-img-16x9-hero-5\" srcset=\"https:\/\/www.adiuvis.de\/selb\/wp-content\/uploads\/sites\/8\/2026\/03\/adiuvis-img-16x9-hero-5-2048x1152.jpg 2048w, https:\/\/www.adiuvis.de\/selb\/wp-content\/uploads\/sites\/8\/2026\/03\/adiuvis-img-16x9-hero-5-300x169.jpg 300w, https:\/\/www.adiuvis.de\/selb\/wp-content\/uploads\/sites\/8\/2026\/03\/adiuvis-img-16x9-hero-5-1024x576.jpg 1024w, https:\/\/www.adiuvis.de\/selb\/wp-content\/uploads\/sites\/8\/2026\/03\/adiuvis-img-16x9-hero-5-768x432.jpg 768w, https:\/\/www.adiuvis.de\/selb\/wp-content\/uploads\/sites\/8\/2026\/03\/adiuvis-img-16x9-hero-5-1536x864.jpg 1536w\" sizes=\"auto, (max-width: 2048px) 100vw, 2048px\" \/><\/figure><\/div>\n<\/section>\n<\/div>\n\n\n\n<div class=\"wp-block-group alignfull is-layout-flow wp-container-core-group-is-layout-a77db08e wp-block-group-is-layout-flow\" id=\"leistungen\">\n<div class=\"wp-block-group alignfull is-style-default mi-feature-section has-global-padding is-layout-constrained wp-container-core-group-is-layout-4897f5cc wp-block-group-is-layout-constrained\" style=\"margin-top:0;margin-bottom:0;padding-top:0;padding-bottom:0\">\n<div id=\"greyd-6a01e316db732\" class=\"wp-block-greyd-box alignfull gs_9fN3tC greyd-content-box gs_9fN3tC  is-position-sticky\">\n<div class=\"wp-block-group alignwide is-style-default has-global-padding is-layout-constrained wp-block-group-is-layout-constrained\" style=\"padding-top:0;padding-bottom:0\">\n<div class=\"wp-block-group alignwide u-align-start is-nowrap is-layout-flex wp-container-core-group-is-layout-dbbd0132 wp-block-group-is-layout-flex\" style=\"padding-top:var(--wp--preset--spacing--tiny);padding-bottom:var(--wp--preset--spacing--tiny)\">\n<p class=\"dyn\" style=\"font-style:normal;font-weight:700\">01 <\/p>\n\n\n\n<p class=\"dyn\" style=\"font-style:normal;font-weight:700\">Steuerberatung<\/p>\n<\/div>\n<\/div>\n<\/div>\n\n\n\n<div class=\"wp-block-group alignwide mi-flex-image-cover u-grid-max-2-md break-md is-style-defaut is-layout-grid wp-container-core-group-is-layout-7b894950 wp-block-group-is-layout-grid\" style=\"margin-top:0;margin-bottom:0;padding-top:var(--wp--preset--spacing--x-large);padding-right:0;padding-bottom:var(--wp--preset--spacing--x-large);padding-left:0\">\n<div class=\"wp-block-group mi-motion-reveal is-vertical is-layout-flex wp-container-core-group-is-layout-d6b9ab57 wp-block-group-is-layout-flex\">\n<h2 class=\"wp-block-heading dyn has-heading-2-font-size\">Steuerberatung<\/h2>\n\n\n\n<p class=\"dyn has-medium-font-size\">Steuerberatung, die \u00fcber Deklaration hinausgeht \u2013 mit klaren Konzepten f\u00fcr Strukturierung, Gestaltung und nachhaltige Entlastung.<br><br><strong>Unsere Leistungsbausteine:<\/strong><\/p>\n\n\n\n<ul class=\"wp-block-greyd-list\" id=\"list_6a01e316db958\">\n<li><span class=\"list_icon\" aria-hidden=\"true\"><\/span><span class=\"list_content\"><p>Klassische laufende Steuerberatung und Deklaration<\/p><\/span><\/li>\n\n\n\n<li><span class=\"list_icon\" aria-hidden=\"true\"><\/span><span class=\"list_content\"><p>Gestaltende Steuerberatung (z.\u202fB. Rechtsformwahl, Strukturierung, Holdingmodelle)<\/p><\/span><\/li>\n\n\n\n<li><span class=\"list_icon\" aria-hidden=\"true\"><\/span><span class=\"list_content\"><p>Internationale Steuerberatung<\/p><\/span><\/li>\n\n\n\n<li><span class=\"list_icon\" aria-hidden=\"true\"><\/span><span class=\"list_content\"><p>Unternehmens- und Verm\u00f6gensnachfolge<\/p><\/span><\/li>\n\n\n\n<li><span class=\"list_icon\" aria-hidden=\"true\"><\/span><span class=\"list_content\"><p>Verm\u00f6gens- und Nachfolgestrukturierung f\u00fcr Unternehmerfamilien<\/p><\/span><\/li>\n\n\n<\/ul>\n\n\n\n<div class=\"wp-block-greyd-buttons\"><a  href=\"https:\/\/www.adiuvis.de\/selb\/leistungen\/steuerberatung\/\" title=\"Steuerberatung\" class=\"button dyn gs_DVhm0g \"><span style=\"flex:1\">Mehr \u00fcber Steuerberatung<\/span><span class=\"arrow_right\" style=\"vertical-align:middle;font-size:100%;margin-left:10px\" aria-hidden=\"true\"><\/span><\/a><\/div>\n<\/div>\n\n\n<figure style=\"\" class=\"wp-block-image greyd-image dyn mi-rounded  gs_W4YWeH\"><img loading=\"lazy\" decoding=\"async\" width=\"2000\" height=\"2000\" src=\"https:\/\/www.adiuvis.de\/selb\/wp-content\/uploads\/sites\/8\/2026\/03\/adiuvis-img-1x1-03.jpg\" class=\"wp-image-1074\" alt=\"adiuvis-img-1x1-03\" srcset=\"https:\/\/www.adiuvis.de\/selb\/wp-content\/uploads\/sites\/8\/2026\/03\/adiuvis-img-1x1-03.jpg 2000w, https:\/\/www.adiuvis.de\/selb\/wp-content\/uploads\/sites\/8\/2026\/03\/adiuvis-img-1x1-03-300x300.jpg 300w, https:\/\/www.adiuvis.de\/selb\/wp-content\/uploads\/sites\/8\/2026\/03\/adiuvis-img-1x1-03-1024x1024.jpg 1024w, https:\/\/www.adiuvis.de\/selb\/wp-content\/uploads\/sites\/8\/2026\/03\/adiuvis-img-1x1-03-150x150.jpg 150w, https:\/\/www.adiuvis.de\/selb\/wp-content\/uploads\/sites\/8\/2026\/03\/adiuvis-img-1x1-03-768x768.jpg 768w, https:\/\/www.adiuvis.de\/selb\/wp-content\/uploads\/sites\/8\/2026\/03\/adiuvis-img-1x1-03-1536x1536.jpg 1536w\" sizes=\"auto, (max-width: 2000px) 100vw, 2000px\" \/><\/figure><\/div>\n<\/div>\n\n\n\n<div class=\"wp-block-group alignfull is-style-default mi-feature-section has-global-padding is-layout-constrained wp-container-core-group-is-layout-4897f5cc wp-block-group-is-layout-constrained\" style=\"margin-top:0;margin-bottom:0;padding-top:0;padding-bottom:0\">\n<div id=\"greyd-6a01e316dc2c8\" class=\"wp-block-greyd-box alignfull gs_9fN3tC greyd-content-box gs_9fN3tC  is-position-sticky\">\n<div class=\"wp-block-group alignwide is-style-default has-global-padding is-layout-constrained wp-block-group-is-layout-constrained\" style=\"padding-top:0;padding-bottom:0\">\n<div class=\"wp-block-group alignwide u-align-start is-nowrap is-layout-flex wp-container-core-group-is-layout-dbbd0132 wp-block-group-is-layout-flex\" style=\"padding-top:var(--wp--preset--spacing--tiny);padding-bottom:var(--wp--preset--spacing--tiny)\">\n<p class=\"dyn\" style=\"font-style:normal;font-weight:700\">02 <\/p>\n\n\n\n<p class=\"dyn\" style=\"font-style:normal;font-weight:700\">Wirtschaftspr\u00fcfung<\/p>\n<\/div>\n<\/div>\n<\/div>\n\n\n\n<div class=\"wp-block-group alignwide mi-flex-image-cover u-grid-max-2-md break-md is-style-defaut is-layout-grid wp-container-core-group-is-layout-7b894950 wp-block-group-is-layout-grid\" style=\"margin-top:0;margin-bottom:0;padding-top:var(--wp--preset--spacing--x-large);padding-right:0;padding-bottom:var(--wp--preset--spacing--x-large);padding-left:0\">\n<div class=\"wp-block-group mi-motion-reveal is-vertical is-layout-flex wp-container-core-group-is-layout-d6b9ab57 wp-block-group-is-layout-flex\">\n<h2 class=\"wp-block-heading dyn has-heading-2-font-size\">Wirtschaftspr\u00fcfung<\/h2>\n\n\n\n<p class=\"dyn has-medium-font-size\">Pflichtpr\u00fcfungen oder freiwillige Pr\u00fcfungen, die verl\u00e4ssliche Entscheidungsgrundlagen schaffen \u2013 Klarheit und Sicherheit f\u00fcr Sie und Ihr Unternehmen.<br><br><strong>Unsere Leistungsbausteine:<\/strong><\/p>\n\n\n\n<ul class=\"wp-block-greyd-list\" id=\"list_6a01e316dc4ee\">\n<li><span class=\"list_icon\" aria-hidden=\"true\"><\/span><span class=\"list_content\"><p>Jahresabschlusspr\u00fcfung<\/p><\/span><\/li>\n\n\n\n<li><span class=\"list_icon\" aria-hidden=\"true\"><\/span><span class=\"list_content\"><p>Bescheinigung nach dem EEG<\/p><\/span><\/li>\n\n\n\n<li><span class=\"list_icon\" aria-hidden=\"true\"><\/span><span class=\"list_content\"><p>Freiwillige Pr\u00fcfungen und Sonderpr\u00fcfungen<\/p><\/span><\/li>\n\n\n\n<li><span class=\"list_icon\" aria-hidden=\"true\"><\/span><span class=\"list_content\"><p>Gr\u00fcndungspr\u00fcfung<\/p><\/span><\/li>\n\n\n\n<li><span class=\"list_icon\" aria-hidden=\"true\"><\/span><span class=\"list_content\"><p>Unternehmensbewertung<\/p><\/span><\/li>\n\n\n\n<li><span class=\"list_icon\" aria-hidden=\"true\"><\/span><span class=\"list_content\"><p>Sanierungsgutachten<\/p><\/span><\/li>\n<\/ul>\n\n\n\n<div class=\"wp-block-greyd-buttons\"><a  href=\"https:\/\/www.adiuvis.de\/selb\/leistungen\/wirtschaftspruefung\/\" title=\"Wirtschaftspr\u00fcfung\" class=\"button dyn gs_DVhm0g \"><span style=\"flex:1\">Mehr \u00fcber Wirtschaftspr\u00fcfung<\/span><span class=\"arrow_right\" style=\"vertical-align:middle;font-size:100%;margin-left:10px\" aria-hidden=\"true\"><\/span><\/a><\/div>\n<\/div>\n\n\n<figure style=\"\" class=\"wp-block-image greyd-image dyn mi-rounded  gs_W4YWeH\"><img loading=\"lazy\" decoding=\"async\" width=\"1600\" height=\"1067\" src=\"https:\/\/www.adiuvis.de\/selb\/wp-content\/uploads\/sites\/8\/2026\/04\/42vep0Sw.jpg\" class=\"wp-image-2829\" alt=\"42vep0Sw\" srcset=\"https:\/\/www.adiuvis.de\/selb\/wp-content\/uploads\/sites\/8\/2026\/04\/42vep0Sw.jpg 1600w, https:\/\/www.adiuvis.de\/selb\/wp-content\/uploads\/sites\/8\/2026\/04\/42vep0Sw-300x200.jpg 300w, https:\/\/www.adiuvis.de\/selb\/wp-content\/uploads\/sites\/8\/2026\/04\/42vep0Sw-1024x683.jpg 1024w, https:\/\/www.adiuvis.de\/selb\/wp-content\/uploads\/sites\/8\/2026\/04\/42vep0Sw-768x512.jpg 768w, https:\/\/www.adiuvis.de\/selb\/wp-content\/uploads\/sites\/8\/2026\/04\/42vep0Sw-1536x1024.jpg 1536w\" sizes=\"auto, (max-width: 1600px) 100vw, 1600px\" \/><\/figure><\/div>\n<\/div>\n\n\n\n<div class=\"wp-block-group alignfull is-style-default mi-feature-section has-global-padding is-layout-constrained wp-container-core-group-is-layout-4897f5cc wp-block-group-is-layout-constrained\" style=\"margin-top:0;margin-bottom:0;padding-top:0;padding-bottom:0\">\n<div id=\"greyd-6a01e316dcdc2\" class=\"wp-block-greyd-box alignfull gs_9fN3tC greyd-content-box gs_9fN3tC  is-position-sticky\">\n<div class=\"wp-block-group alignwide is-style-default has-global-padding is-layout-constrained wp-block-group-is-layout-constrained\" style=\"padding-top:0;padding-bottom:0\">\n<div class=\"wp-block-group alignwide u-align-start is-nowrap is-layout-flex wp-container-core-group-is-layout-dbbd0132 wp-block-group-is-layout-flex\" style=\"padding-top:var(--wp--preset--spacing--tiny);padding-bottom:var(--wp--preset--spacing--tiny)\">\n<p class=\"dyn\" style=\"font-style:normal;font-weight:700\">03 <\/p>\n\n\n\n<p class=\"dyn\" style=\"font-style:normal;font-weight:700\">Rechtsberatung<\/p>\n<\/div>\n<\/div>\n<\/div>\n\n\n\n<div class=\"wp-block-group alignwide mi-flex-image-cover u-grid-max-2-md break-md is-style-defaut is-layout-grid wp-container-core-group-is-layout-7b894950 wp-block-group-is-layout-grid\" style=\"margin-top:0;margin-bottom:0;padding-top:var(--wp--preset--spacing--x-large);padding-right:0;padding-bottom:var(--wp--preset--spacing--x-large);padding-left:0\">\n<div class=\"wp-block-group mi-motion-reveal is-vertical is-layout-flex wp-container-core-group-is-layout-d6b9ab57 wp-block-group-is-layout-flex\">\n<h2 class=\"wp-block-heading dyn has-heading-2-font-size\">Rechtsberatung<\/h2>\n\n\n\n<p class=\"dyn has-medium-font-size\">Rechtliche Gestaltung, die Risiken reduziert und Chancen er\u00f6ffnet \u2013 von Gesellschafts- und Vertragsrecht bis zu Spezialthemen.<br><br><strong>Unsere Leistungsbausteine:<\/strong><\/p>\n\n\n\n<ul class=\"wp-block-greyd-list\" id=\"list_6a01e316dcfee\">\n<li><span class=\"list_icon\" aria-hidden=\"true\"><\/span><span class=\"list_content\"><p>Gestaltungsberatung<\/p><\/span><\/li>\n\n\n\n<li><span class=\"list_icon\" aria-hidden=\"true\"><\/span><span class=\"list_content\"><p>Rechtsformwahlberatung<\/p><\/span><\/li>\n\n\n\n<li><span class=\"list_icon\" aria-hidden=\"true\"><\/span><span class=\"list_content\"><p>Beratung bei Nachfolgeregelungen<\/p><\/span><\/li>\n\n\n\n<li><span class=\"list_icon\" aria-hidden=\"true\"><\/span><span class=\"list_content\"><p>Gr\u00fcndungs- und Existenzgr\u00fcndungsberatung<\/p><\/span><\/li>\n\n\n\n<li><span class=\"list_icon\" aria-hidden=\"true\"><\/span><span class=\"list_content\"><p>Umwandlung<\/p><\/span><\/li>\n\n\n\n<li><span class=\"list_icon\" aria-hidden=\"true\"><\/span><span class=\"list_content\"><p>Beratung zu testamentarischen Regelungen<\/p><\/span><\/li>\n<\/ul>\n\n\n\n<div class=\"wp-block-greyd-buttons\"><a  href=\"https:\/\/www.adiuvis.de\/selb\/leistungen\/rechtsberatung\/\" title=\"Rechtsberatung\" class=\"button dyn gs_DVhm0g \"><span style=\"flex:1\">Mehr \u00fcber Rechtsberatung<\/span><span class=\"arrow_right\" style=\"vertical-align:middle;font-size:100%;margin-left:10px\" aria-hidden=\"true\"><\/span><\/a><\/div>\n<\/div>\n\n\n<figure style=\"\" class=\"wp-block-image greyd-image dyn mi-rounded  gs_W4YWeH\"><img loading=\"lazy\" decoding=\"async\" width=\"2000\" height=\"2000\" src=\"https:\/\/www.adiuvis.de\/selb\/wp-content\/uploads\/sites\/8\/2026\/03\/adiuvis-img-1x1-19.jpg\" class=\"wp-image-1349\" alt=\"adiuvis-img-1x1-19\" srcset=\"https:\/\/www.adiuvis.de\/selb\/wp-content\/uploads\/sites\/8\/2026\/03\/adiuvis-img-1x1-19.jpg 2000w, https:\/\/www.adiuvis.de\/selb\/wp-content\/uploads\/sites\/8\/2026\/03\/adiuvis-img-1x1-19-300x300.jpg 300w, https:\/\/www.adiuvis.de\/selb\/wp-content\/uploads\/sites\/8\/2026\/03\/adiuvis-img-1x1-19-1024x1024.jpg 1024w, https:\/\/www.adiuvis.de\/selb\/wp-content\/uploads\/sites\/8\/2026\/03\/adiuvis-img-1x1-19-150x150.jpg 150w, https:\/\/www.adiuvis.de\/selb\/wp-content\/uploads\/sites\/8\/2026\/03\/adiuvis-img-1x1-19-768x768.jpg 768w, https:\/\/www.adiuvis.de\/selb\/wp-content\/uploads\/sites\/8\/2026\/03\/adiuvis-img-1x1-19-1536x1536.jpg 1536w\" sizes=\"auto, (max-width: 2000px) 100vw, 2000px\" \/><\/figure><\/div>\n<\/div>\n\n\n\n<div class=\"wp-block-group alignfull is-style-default mi-feature-section has-global-padding is-layout-constrained wp-container-core-group-is-layout-4897f5cc wp-block-group-is-layout-constrained\" style=\"margin-top:0;margin-bottom:0;padding-top:0;padding-bottom:0\">\n<div id=\"greyd-6a01e316dd9e4\" class=\"wp-block-greyd-box alignfull gs_9fN3tC greyd-content-box gs_9fN3tC  is-position-sticky\">\n<div class=\"wp-block-group alignwide is-style-default has-global-padding is-layout-constrained wp-block-group-is-layout-constrained\" style=\"padding-top:0;padding-bottom:0\">\n<div class=\"wp-block-group alignwide u-align-start is-nowrap is-layout-flex wp-container-core-group-is-layout-dbbd0132 wp-block-group-is-layout-flex\" style=\"padding-top:var(--wp--preset--spacing--tiny);padding-bottom:var(--wp--preset--spacing--tiny)\">\n<p class=\"dyn\" style=\"font-style:normal;font-weight:700\">04 <\/p>\n\n\n\n<p class=\"dyn\" style=\"font-style:normal;font-weight:700\">Consulting &amp; Transformation<\/p>\n<\/div>\n<\/div>\n<\/div>\n\n\n\n<div class=\"wp-block-group alignwide mi-flex-image-cover u-grid-max-2-md break-md is-style-defaut is-layout-grid wp-container-core-group-is-layout-7b894950 wp-block-group-is-layout-grid\" style=\"margin-top:0;margin-bottom:0;padding-top:var(--wp--preset--spacing--x-large);padding-right:0;padding-bottom:var(--wp--preset--spacing--x-large);padding-left:0\">\n<div class=\"wp-block-group mi-motion-reveal is-vertical is-layout-flex wp-container-core-group-is-layout-d6b9ab57 wp-block-group-is-layout-flex\">\n<h2 class=\"wp-block-heading dyn has-heading-2-font-size\">Consulting &amp; Transformation<\/h2>\n\n\n\n<p class=\"dyn has-medium-font-size\">Beratung f\u00fcr Strategie, Organisation und Prozesse, die Ihr Unternehmen fit f\u00fcr Wachstum, Effizienz und Digitalisierung macht.<br><br><strong>Unsere Leistungsbausteine:<\/strong>  <\/p>\n\n\n\n<ul class=\"wp-block-greyd-list\" id=\"list_6a01e316ddc04\">\n<li><span class=\"list_icon\" aria-hidden=\"true\"><\/span><span class=\"list_content\"><p>Strategieberatung<\/p><\/span><\/li>\n\n\n\n<li><span class=\"list_icon\" aria-hidden=\"true\"><\/span><span class=\"list_content\"><p>Organisations- und Prozessentwicklung<\/p><\/span><\/li>\n\n\n\n<li><span class=\"list_icon\" aria-hidden=\"true\"><\/span><span class=\"list_content\"><p>Digitale Transformation<\/p><\/span><\/li>\n\n\n\n<li><span class=\"list_icon\" aria-hidden=\"true\"><\/span><span class=\"list_content\"><p>Change- und Transformationsmanagement<\/p><\/span><\/li>\n\n\n\n<li><span class=\"list_icon\" aria-hidden=\"true\"><\/span><span class=\"list_content\"><p>Performance- und Effizienzsteigerung<\/p><\/span><\/li>\n\n\n\n<li><span class=\"list_icon\" aria-hidden=\"true\"><\/span><span class=\"list_content\"><p>Governance- und Strukturberatung<\/p><\/span><\/li>\n<\/ul>\n\n\n\n<div class=\"wp-block-greyd-buttons\"><a  href=\"https:\/\/www.adiuvis.de\/selb\/leistungen\/consulting-transformation\/\" title=\"Consulting &amp; Transformation\" class=\"button dyn gs_DVhm0g \"><span style=\"flex:1\">Mehr \u00fcber Consulting<\/span><span class=\"arrow_right\" style=\"vertical-align:middle;font-size:100%;margin-left:10px\" aria-hidden=\"true\"><\/span><\/a><\/div>\n<\/div>\n\n\n<figure style=\"\" class=\"wp-block-image greyd-image dyn mi-rounded  gs_W4YWeH\"><img loading=\"lazy\" decoding=\"async\" width=\"2000\" height=\"2000\" src=\"https:\/\/www.adiuvis.de\/selb\/wp-content\/uploads\/sites\/8\/2026\/03\/adiuvis-img-1x1-14.jpg\" class=\"wp-image-1095\" alt=\"adiuvis-img-1x1-14\" srcset=\"https:\/\/www.adiuvis.de\/selb\/wp-content\/uploads\/sites\/8\/2026\/03\/adiuvis-img-1x1-14.jpg 2000w, https:\/\/www.adiuvis.de\/selb\/wp-content\/uploads\/sites\/8\/2026\/03\/adiuvis-img-1x1-14-300x300.jpg 300w, https:\/\/www.adiuvis.de\/selb\/wp-content\/uploads\/sites\/8\/2026\/03\/adiuvis-img-1x1-14-1024x1024.jpg 1024w, https:\/\/www.adiuvis.de\/selb\/wp-content\/uploads\/sites\/8\/2026\/03\/adiuvis-img-1x1-14-150x150.jpg 150w, https:\/\/www.adiuvis.de\/selb\/wp-content\/uploads\/sites\/8\/2026\/03\/adiuvis-img-1x1-14-768x768.jpg 768w, https:\/\/www.adiuvis.de\/selb\/wp-content\/uploads\/sites\/8\/2026\/03\/adiuvis-img-1x1-14-1536x1536.jpg 1536w\" sizes=\"auto, (max-width: 2000px) 100vw, 2000px\" \/><\/figure><\/div>\n<\/div>\n\n\n\n<div class=\"wp-block-group alignfull is-style-default mi-feature-section has-global-padding is-layout-constrained wp-container-core-group-is-layout-4897f5cc wp-block-group-is-layout-constrained\" style=\"margin-top:0;margin-bottom:0;padding-top:0;padding-bottom:0\">\n<div id=\"greyd-6a01e316de5b9\" class=\"wp-block-greyd-box alignfull gs_9fN3tC greyd-content-box gs_9fN3tC  is-position-sticky\">\n<div class=\"wp-block-group alignwide is-style-default has-global-padding is-layout-constrained wp-block-group-is-layout-constrained\" style=\"padding-top:0;padding-bottom:0\">\n<div class=\"wp-block-group alignwide u-align-start is-nowrap is-layout-flex wp-container-core-group-is-layout-dbbd0132 wp-block-group-is-layout-flex\" style=\"padding-top:var(--wp--preset--spacing--tiny);padding-bottom:var(--wp--preset--spacing--tiny)\">\n<p class=\"dyn\" style=\"font-style:normal;font-weight:700\">05 <\/p>\n\n\n\n<p class=\"dyn\" style=\"font-style:normal;font-weight:700\">Digitale Services<\/p>\n<\/div>\n<\/div>\n<\/div>\n\n\n\n<div class=\"wp-block-group alignwide mi-flex-image-cover u-grid-max-2-md break-md is-style-defaut is-layout-grid wp-container-core-group-is-layout-7b894950 wp-block-group-is-layout-grid\" style=\"margin-top:0;margin-bottom:0;padding-top:var(--wp--preset--spacing--x-large);padding-right:0;padding-bottom:var(--wp--preset--spacing--x-large);padding-left:0\">\n<div class=\"wp-block-group mi-motion-reveal is-vertical is-layout-flex wp-container-core-group-is-layout-d6b9ab57 wp-block-group-is-layout-flex\">\n<h2 class=\"wp-block-heading dyn has-heading-2-font-size\">Digitale Services<\/h2>\n\n\n\n<p class=\"dyn has-medium-font-size\">Digitale L\u00f6sungen und Reporting, die Kennzahlen sichtbar machen, Entscheidungen beschleunigen und Komplexit\u00e4t reduzieren.<br><br><strong>Unsere Leistungsbausteine:<\/strong>  <\/p>\n\n\n\n<ul class=\"wp-block-greyd-list\" id=\"list_6a01e316de817\">\n<li><span class=\"list_icon\" aria-hidden=\"true\"><\/span><span class=\"list_content\"><p>Optimierung und Programmierung von Schnittstellen zu ERP- und anderen Vorsystemen<\/p><\/span><\/li>\n\n\n\n<li><span class=\"list_icon\" aria-hidden=\"true\"><\/span><span class=\"list_content\"><p>Elektronische Einrichtungen und Anbindungen<\/p><\/span><\/li>\n\n\n\n<li><span class=\"list_icon\" aria-hidden=\"true\"><\/span><span class=\"list_content\"><p>Begleitung bei der Digitalisierung und Automatisierung von Prozessen<\/p><\/span><\/li>\n\n\n\n<li><span class=\"list_icon\" aria-hidden=\"true\"><\/span><span class=\"list_content\"><p>Entwicklung ma\u00dfgeschneiderter Konzepte f\u00fcr Ihre Abl\u00e4ufe und intelligente Prozessoptimierungen<\/p><\/span><\/li>\n\n\n\n<li><span class=\"list_icon\" aria-hidden=\"true\"><\/span><span class=\"list_content\"><p>Digitale Signatur, Einrichtung von Dokumenten-Scanner<\/p><\/span><\/li>\n\n\n\n<li><span class=\"list_icon\" aria-hidden=\"true\"><\/span><span class=\"list_content\"><p>Einrichtung des elektronischen Zahlungsverkehrs<\/p><\/span><\/li>\n<\/ul>\n\n\n\n<div class=\"wp-block-greyd-buttons\"><a  href=\"https:\/\/www.adiuvis.de\/selb\/leistungen\/digitale-services\/\" title=\"Digitale Services\" class=\"button dyn gs_DVhm0g \"><span style=\"flex:1\">Mehr \u00fcber Digitale Services<\/span><span class=\"arrow_right\" style=\"vertical-align:middle;font-size:100%;margin-left:10px\" aria-hidden=\"true\"><\/span><\/a><\/div>\n<\/div>\n\n\n<figure style=\"\" class=\"wp-block-image greyd-image dyn mi-rounded  gs_W4YWeH\"><img loading=\"lazy\" decoding=\"async\" width=\"1600\" height=\"1067\" src=\"https:\/\/www.adiuvis.de\/selb\/wp-content\/uploads\/sites\/8\/2026\/04\/q5IV9DDg-1.jpg\" class=\"wp-image-2828\" alt=\"q5IV9DDg\" srcset=\"https:\/\/www.adiuvis.de\/selb\/wp-content\/uploads\/sites\/8\/2026\/04\/q5IV9DDg-1.jpg 1600w, https:\/\/www.adiuvis.de\/selb\/wp-content\/uploads\/sites\/8\/2026\/04\/q5IV9DDg-1-300x200.jpg 300w, https:\/\/www.adiuvis.de\/selb\/wp-content\/uploads\/sites\/8\/2026\/04\/q5IV9DDg-1-1024x683.jpg 1024w, https:\/\/www.adiuvis.de\/selb\/wp-content\/uploads\/sites\/8\/2026\/04\/q5IV9DDg-1-768x512.jpg 768w, https:\/\/www.adiuvis.de\/selb\/wp-content\/uploads\/sites\/8\/2026\/04\/q5IV9DDg-1-1536x1024.jpg 1536w\" sizes=\"auto, (max-width: 1600px) 100vw, 1600px\" \/><\/figure><\/div>\n<\/div>\n<\/div>\n\n\n\n\n\n<section class=\"wp-block-group alignwide is-layout-flow wp-block-group-is-layout-flow\" style=\"margin-top:var(--wp--preset--spacing--x-large);margin-bottom:var(--wp--preset--spacing--x-large)\">\n<div class=\"wp-block-group mi-rounded mi-brand-element is-style-section-brand has-global-padding is-layout-constrained wp-block-group-is-layout-constrained is-style-section-brand--2\" style=\"padding-top:var(--wp--preset--spacing--x-large);padding-bottom:var(--wp--preset--spacing--x-large)\">\n<div class=\"wp-block-group u-narrow is-vertical is-content-justification-center is-layout-flex wp-container-core-group-is-layout-ce155fab wp-block-group-is-layout-flex\">\n<h3 class=\"wp-block-heading has-text-align-center dyn has-heading-2-font-size\">Bereit f\u00fcr die ADIUVIS Consulting Alliance?<\/h3>\n\n\n\n<p class=\"has-text-align-center dyn\">Ihre Situation ist einzigartig \u2013 unsere Beratung auch. Vereinbaren Sie ein unverbindliches Erstgespr\u00e4ch und entdecken Sie, wie die ADIUVIS Consulting Alliance Sie voranbringt.<\/p>\n\n\n\n<div class=\"wp-block-greyd-buttons dyn\">\n<a  href=\"https:\/\/www.adiuvis.de\/selb\/kontakt\/\" title=\"Kontakt\" class=\"button dyn gs_YOieMC \"><span style=\"flex:1\">Beratungsgespr\u00e4ch vereinbaren<\/span><span class=\"arrow_right\" style=\"vertical-align:middle;font-size:100%;margin-left:10px\" aria-hidden=\"true\"><\/span><\/a>\n<\/div>\n<\/div>\n<\/div>\n<\/section>\n","protected":false},"excerpt":{"rendered":"","protected":false},"author":1,"featured_media":0,"parent":0,"menu_order":0,"comment_status":"closed","ping_status":"closed","template":"","meta":{"greyd_block_editor_preview":[],"footnotes":""},"class_list":["post-706","page","type-page","status-publish","hentry"],"_links":{"self":[{"href":"https:\/\/www.adiuvis.de\/selb\/wp-json\/wp\/v2\/pages\/706","targetHints":{"allow":["GET"]}}],"collection":[{"href":"https:\/\/www.adiuvis.de\/selb\/wp-json\/wp\/v2\/pages"}],"about":[{"href":"https:\/\/www.adiuvis.de\/selb\/wp-json\/wp\/v2\/types\/page"}],"author":[{"embeddable":true,"href":"https:\/\/www.adiuvis.de\/selb\/wp-json\/wp\/v2\/users\/1"}],"replies":[{"embeddable":true,"href":"https:\/\/www.adiuvis.de\/selb\/wp-json\/wp\/v2\/comments?post=706"}],"version-history":[{"count":1,"href":"https:\/\/www.adiuvis.de\/selb\/wp-json\/wp\/v2\/pages\/706\/revisions"}],"predecessor-version":[{"id":2584,"href":"https:\/\/www.adiuvis.de\/selb\/wp-json\/wp\/v2\/pages\/706\/revisions\/2584"}],"wp:attachment":[{"href":"https:\/\/www.adiuvis.de\/selb\/wp-json\/wp\/v2\/media?parent=706"}],"curies":[{"name":"wp","href":"https:\/\/api.w.org\/{rel}","templated":true}]}}