{"id":1941,"date":"2026-03-24T20:03:46","date_gmt":"2026-03-24T20:03:46","guid":{"rendered":"https:\/\/adiuvis.medienimpuls.dev\/selb\/impressum\/"},"modified":"2026-04-02T16:17:24","modified_gmt":"2026-04-02T16:17:24","slug":"impressum","status":"publish","type":"page","link":"https:\/\/www.adiuvis.de\/selb\/impressum\/","title":{"rendered":"Impressum"},"content":{"rendered":"\n<div class=\"wp-block-group alignfull is-layout-flow wp-block-group-is-layout-flow\">\n<section class=\"wp-block-group alignfull is-layout-flow wp-block-group-is-layout-flow\" style=\"margin-top:0;margin-bottom:0\">\n<div class=\"wp-block-group alignfull is-style-section-contrast mi-brand-element mi-brand-element--header mi-hero mi-hero--text-image has-global-padding is-layout-constrained wp-block-group-is-layout-constrained is-style-section-contrast--1\" style=\"padding-top:var(--wp--preset--spacing--x-large);padding-bottom:var(--wp--preset--spacing--x-large)\">\n<div class=\"wp-block-group is-vertical is-layout-flex wp-container-core-group-is-layout-fe9cc265 wp-block-group-is-layout-flex\">\n<h1 id=\"greyd-6a01e3268e2b7\" class=\"wp-block-heading dyn\">Impressum<\/h1>\n\n\n\n<h2 class=\"wp-block-heading dyn has-heading-3-font-size\">Angaben gem\u00e4\u00df \u00a7 5 TMG<\/h2>\n<\/div>\n\n\n\n<div class=\"wp-block-group alignwide is-layout-flow wp-container-core-group-is-layout-d813fb5b wp-block-group-is-layout-flow\"><\/div>\n<\/div>\n<\/section>\n<\/div>\n\n\n\n<div class=\"wp-block-group has-global-padding is-layout-constrained wp-block-group-is-layout-constrained\" style=\"margin-top:var(--wp--preset--spacing--x-large);margin-bottom:var(--wp--preset--spacing--x-large)\">\n<p>ADIUVIS Gerhard Schurig und Thomas P\u00f6\u00dfnecker GbR<br>Adolf-Cloeter-Stra\u00dfe 1<br>95100 Selb<\/p>\n\n\n\n<p><strong>Vertreten durch:<\/strong><br>Gerhard Schurig, Thomas P\u00f6\u00dfnecker<\/p>\n\n\n\n<h2 class=\"wp-block-heading\">Kontakt<\/h2>\n\n\n\n<p>Telefon: 09287 \u2013 96 81 0<br>Telefax: 09287 \u2013 96 81 18<br>E-Mail: info@adiuvis.de<\/p>\n\n\n\n<h2 class=\"wp-block-heading\">Aufsichtsbeh\u00f6rde<\/h2>\n\n\n\n<p>Steuerberaterkammer N\u00fcrnberg<br>Karolinenstra\u00dfe 28<br>90402 N\u00fcrnberg<\/p>\n\n\n\n<p><a href=\"https:\/\/www.stbk-nuernberg.de\" target=\"_blank\" rel=\"noopener\">https:\/\/www.stbk-nuernberg.de<\/a><\/p>\n\n\n\n<h2 class=\"wp-block-heading\">Berufsbezeichnung und berufsrechtliche Regelungen<\/h2>\n\n\n\n<p>Berufsbezeichnung:<br>Steuerberater<\/p>\n\n\n\n<p>Zust\u00e4ndige Kammer:<br>Steuerberaterkammer N\u00fcrnberg<br>K\u00f6rperschaft des \u00f6ffentlichen Rechts<br>Postfach 4756<br>90025 N\u00fcrnberg<\/p>\n\n\n\n<p>Verliehen in:<br>Deutschland<\/p>\n\n\n\n<p>Es gelten folgende berufsrechtliche Regelungen:<\/p>\n\n\n\n<p>Steuerberatungsgesetz (StBerG)<br>einsehbar unter: <a href=\"https:\/\/www.stbk-nuernberg.de\/\" target=\"_blank\" rel=\"noreferrer noopener\">https:\/\/www.stbk-nuernberg.de\/<\/a><\/p>\n\n\n\n<p>Durchf\u00fchrungsverordnung zum Steuerberatungsgesetz (DVStB)<br>einsehbar unter: <a href=\"https:\/\/www.bstbk.de\/\" target=\"_blank\" rel=\"noreferrer noopener\">https:\/\/www.bstbk.de\/<\/a><\/p>\n\n\n\n<p>Berufsordnung der Bundes-Steuerberaterkammer (BOStB)<br>einsehbar unter: <a href=\"https:\/\/www.bstbk.de\/\" target=\"_blank\" rel=\"noreferrer noopener\">https:\/\/www.bstbk.de\/<\/a><\/p>\n\n\n\n<p>Steuerberaterverg\u00fctungsverordnung (StBVV)<br>einsehbar unter: <a href=\"https:\/\/www.bstbk.de\/\" target=\"_blank\" rel=\"noreferrer noopener\">https:\/\/www.bstbk.de\/<\/a><\/p>\n\n\n\n<h2 class=\"wp-block-heading\">Redaktionell verantwortlich<\/h2>\n\n\n\n<p>Gerhard Schurig, Thomas P\u00f6\u00dfnecker<\/p>\n\n\n\n<h2 class=\"wp-block-heading\">Verbraucher\u00adstreit\u00adbeilegung\/Universal\u00adschlichtungs\u00adstelle<\/h2>\n\n\n\n<p>Wir sind nicht bereit oder verpflichtet, an Streitbeilegungsverfahren vor einer Verbraucherschlichtungsstelle teilzunehmen.Inhaltlich Verantwortlicher gem\u00e4\u00df \u00a7 10 Absatz 3 MDStV:<\/p>\n<\/div>\n","protected":false},"excerpt":{"rendered":"<p>ADIUVIS Gerhard Schurig und Thomas P\u00f6\u00dfnecker GbRAdolf-Cloeter-Stra\u00dfe 195100 Selb Vertreten durch:Gerhard Schurig, Thomas P\u00f6\u00dfnecker Kontakt Telefon: 09287 \u2013 96 81 0Telefax: 09287 \u2013 96 81 18E-Mail: info@adiuvis.de Aufsichtsbeh\u00f6rde Steuerberaterkammer N\u00fcrnbergKarolinenstra\u00dfe 2890402 N\u00fcrnberg https:\/\/www.stbk-nuernberg.de Berufsbezeichnung und berufsrechtliche Regelungen Berufsbezeichnung:Steuerberater Zust\u00e4ndige Kammer:Steuerberaterkammer N\u00fcrnbergK\u00f6rperschaft des \u00f6ffentlichen RechtsPostfach 475690025 N\u00fcrnberg Verliehen in:Deutschland Es gelten folgende berufsrechtliche Regelungen: Steuerberatungsgesetz (StBerG)einsehbar [&hellip;]<\/p>\n","protected":false},"author":1,"featured_media":0,"parent":0,"menu_order":0,"comment_status":"closed","ping_status":"closed","template":"","meta":{"greyd_block_editor_preview":[],"footnotes":""},"class_list":["post-1941","page","type-page","status-publish","hentry"],"_links":{"self":[{"href":"https:\/\/www.adiuvis.de\/selb\/wp-json\/wp\/v2\/pages\/1941","targetHints":{"allow":["GET"]}}],"collection":[{"href":"https:\/\/www.adiuvis.de\/selb\/wp-json\/wp\/v2\/pages"}],"about":[{"href":"https:\/\/www.adiuvis.de\/selb\/wp-json\/wp\/v2\/types\/page"}],"author":[{"embeddable":true,"href":"https:\/\/www.adiuvis.de\/selb\/wp-json\/wp\/v2\/users\/1"}],"replies":[{"embeddable":true,"href":"https:\/\/www.adiuvis.de\/selb\/wp-json\/wp\/v2\/comments?post=1941"}],"version-history":[{"count":1,"href":"https:\/\/www.adiuvis.de\/selb\/wp-json\/wp\/v2\/pages\/1941\/revisions"}],"predecessor-version":[{"id":2694,"href":"https:\/\/www.adiuvis.de\/selb\/wp-json\/wp\/v2\/pages\/1941\/revisions\/2694"}],"wp:attachment":[{"href":"https:\/\/www.adiuvis.de\/selb\/wp-json\/wp\/v2\/media?parent=1941"}],"curies":[{"name":"wp","href":"https:\/\/api.w.org\/{rel}","templated":true}]}}