{"id":728,"date":"2026-03-17T22:05:29","date_gmt":"2026-03-17T22:05:29","guid":{"rendered":"https:\/\/adiuvis.medienimpuls.dev\/marktredwitz\/vision-philosophie\/"},"modified":"2026-04-29T14:19:27","modified_gmt":"2026-04-29T14:19:27","slug":"vision-philosophie","status":"publish","type":"page","link":"https:\/\/www.adiuvis.de\/marktredwitz\/vision-philosophie\/","title":{"rendered":"Vision &amp; Philosophie"},"content":{"rendered":"\n<div class=\"wp-block-group alignfull is-layout-flow wp-block-group-is-layout-flow\">\n<section class=\"wp-block-group alignfull is-style-section-contrast mi-brand-element mi-brand-element--header mi-hero mi-hero--text-image has-global-padding is-layout-constrained wp-block-group-is-layout-constrained is-style-section-contrast--1\" style=\"padding-top:var(--wp--preset--spacing--x-large);padding-bottom:var(--wp--preset--spacing--x-large)\">\n<div class=\"wp-block-group alignwide is-vertical is-layout-flex wp-container-core-group-is-layout-c5442126 wp-block-group-is-layout-flex\"><div  class=\"dynamic dyn\">\n<div class=\"wp-block-group u-grid-cols-2 is-layout-grid wp-container-core-group-is-layout-e2bd5cb0 wp-block-group-is-layout-grid\">\n<div class=\"wp-block-group is-vertical is-layout-flex wp-container-core-group-is-layout-fe9cc265 wp-block-group-is-layout-flex\">\n<h1 id=\"greyd-6a01e3338679a\" class=\"wp-block-heading dyn\"><em>Vision &amp; Philosophie<\/em> der <br>ADIUVIS Consulting Alliance<\/h1>\n\n\n<\/div>\n\n\n\n<div class=\"wp-block-group is-vertical is-layout-flex wp-container-core-group-is-layout-fe9cc265 wp-block-group-is-layout-flex\">\n<p class=\"dyn\">Die <strong>ADIUVIS Consulting Alliance<\/strong> verfolgt das Ziel, Unternehmertum im deutschsprachigen Raum nachhaltig zu st\u00e4rken. Wir sehen uns als ganzheitlicher Berater und strategischer Sparringspartner \u2013 f\u00fcr Unternehmer:innen und Entscheider:innen, die Verantwortung tragen und komplexe Entscheidungen treffen.<\/p>\n\n\n\n<div class=\"wp-block-greyd-buttons\"><a  href=\"https:\/\/www.adiuvis.de\/marktredwitz\/kontakt\/\" title=\"Kontakt\" class=\"button dyn gs_tFrsyo \"><span style=\"flex:1\">Erstgespr\u00e4ch vereinbaren<\/span><span class=\"arrow_right\" style=\"vertical-align:middle;font-size:100%;margin-left:10px\" aria-hidden=\"true\"><\/span><\/a>\n\n<a  href=\"#leistungen\" aria-label=\"Scroll to leistungen\" class=\"button is-style-sec dyn gs_mBPolB \"><span style=\"flex:1\">Leistungen<\/span><span class=\"arrow_right\" style=\"vertical-align:middle\" aria-hidden=\"true\"><\/span><\/a><\/div>\n<\/div>\n<\/div>\n<\/div>\n\n<figure style=\"\" class=\"wp-block-image greyd-image mi-rounded dyn  gs_x3OD8I\"><img loading=\"lazy\" decoding=\"async\" width=\"1920\" height=\"1280\" src=\"https:\/\/www.adiuvis.de\/marktredwitz\/wp-content\/uploads\/sites\/6\/2026\/04\/MOW03466.jpg\" class=\"wp-image-2843\" alt=\"MOW03466\" srcset=\"https:\/\/www.adiuvis.de\/marktredwitz\/wp-content\/uploads\/sites\/6\/2026\/04\/MOW03466.jpg 1920w, https:\/\/www.adiuvis.de\/marktredwitz\/wp-content\/uploads\/sites\/6\/2026\/04\/MOW03466-300x200.jpg 300w, https:\/\/www.adiuvis.de\/marktredwitz\/wp-content\/uploads\/sites\/6\/2026\/04\/MOW03466-1024x683.jpg 1024w, https:\/\/www.adiuvis.de\/marktredwitz\/wp-content\/uploads\/sites\/6\/2026\/04\/MOW03466-768x512.jpg 768w, https:\/\/www.adiuvis.de\/marktredwitz\/wp-content\/uploads\/sites\/6\/2026\/04\/MOW03466-1536x1024.jpg 1536w\" sizes=\"auto, (max-width: 1920px) 100vw, 1920px\" \/><\/figure><\/div>\n<\/section>\n<\/div>\n\n\n\n<section class=\"wp-block-group alignfull is-style-section-contrast has-global-padding is-layout-constrained wp-block-group-is-layout-constrained is-style-section-contrast--2\" style=\"margin-top:0;margin-bottom:0;padding-top:0;padding-bottom:var(--wp--preset--spacing--x-large)\">\n<div class=\"wp-block-group mi-philosophy has-global-padding is-layout-constrained wp-block-group-is-layout-constrained\">\n<p class=\"dyn has-heading-2-font-size\" style=\"line-height:1.3\">Wir gestalten eine Zukunft, in der Unternehmer:innen in jeder Phase ihres Weges einen verl\u00e4sslichen Partner und Berater an ihrer Seite haben. Durch ganzheitliches wirtschaftliches Denken reduzieren wir Komplexit\u00e4t, erleichtern Entscheidungen und geben Orientierung in einer immer dynamischeren Welt.<\/p>\n\n\n<\/div>\n<\/section>\n\n\n\n<section class=\"wp-block-group has-global-padding is-layout-constrained wp-block-group-is-layout-constrained\" style=\"margin-top:var(--wp--preset--spacing--x-large);margin-bottom:var(--wp--preset--spacing--x-large)\">\n<div class=\"wp-block-group mi-motion-reveal is-vertical is-layout-flex wp-container-core-group-is-layout-ccebfe49 wp-block-group-is-layout-flex\">\n<h2 class=\"wp-block-heading dyn has-heading-2-font-size\">Was uns im Alltag leitet<\/h2>\n\n\n\n<h4 class=\"wp-block-heading dyn\"><\/h4>\n\n\n\n<p class=\"dyn has-medium-font-size gs_N2bIPj\">Unsere Philosophie wird an konkreten Prinzipien greifbar \u2013 f\u00fcr Mandant:innen, f\u00fcr Mitglieder der Alliance und f\u00fcr alle, die hier arbeiten.<\/p>\n\n\n\n\n<\/div>\n<\/section>\n\n\n\n<div class=\"wp-block-group alignfull is-layout-flow wp-container-core-group-is-layout-a77db08e wp-block-group-is-layout-flow\">\n<div class=\"wp-block-group alignfull is-style-default mi-feature-section has-global-padding is-layout-constrained wp-container-core-group-is-layout-4897f5cc wp-block-group-is-layout-constrained\" style=\"margin-top:0;margin-bottom:0;padding-top:0;padding-bottom:0\">\n<div id=\"greyd-6a01e3338850d\" class=\"wp-block-greyd-box alignfull gs_9fN3tC greyd-content-box gs_9fN3tC  is-position-sticky\">\n<div class=\"wp-block-group alignwide is-style-default has-global-padding is-layout-constrained wp-block-group-is-layout-constrained\" style=\"padding-top:0;padding-bottom:0\">\n<div class=\"wp-block-group alignwide u-align-start is-nowrap is-layout-flex wp-container-core-group-is-layout-dbbd0132 wp-block-group-is-layout-flex\" style=\"padding-top:var(--wp--preset--spacing--tiny);padding-bottom:var(--wp--preset--spacing--tiny)\">\n<p class=\"dyn\" style=\"font-style:normal;font-weight:700\">01 <\/p>\n\n\n\n<p class=\"dyn\" style=\"font-style:normal;font-weight:700\">Unternehmerisch denken<\/p>\n<\/div>\n<\/div>\n<\/div>\n\n\n\n<div class=\"wp-block-group alignwide mi-flex-image-cover u-grid-max-2-md break-md is-style-defaut is-layout-grid wp-container-core-group-is-layout-7b894950 wp-block-group-is-layout-grid\" style=\"margin-top:0;margin-bottom:0;padding-top:var(--wp--preset--spacing--x-large);padding-right:0;padding-bottom:var(--wp--preset--spacing--x-large);padding-left:0\">\n<div class=\"wp-block-group mi-motion-reveal is-vertical is-layout-flex wp-container-core-group-is-layout-d6b9ab57 wp-block-group-is-layout-flex\">\n<h2 class=\"wp-block-heading dyn has-heading-2-font-size\">Unternehmerisch denken<\/h2>\n\n\n\n<p class=\"dyn has-medium-font-size\"><br>Wir begleiten und beraten, als w\u00e4re es unser eigenes Unternehmen: Wir stellen Fragen zu Gesch\u00e4ftsmodellen, Ertragslogiken und Marktpositionierung.<br><br>Wir denken Szenarien nach vorn, nicht nur Vergangenheitsanalysen nach hinten. Wir kombinieren steuerliche, rechtliche, pr\u00fcferische und betriebswirtschaftliche Perspektiven, um Entscheidungen vorzubereiten, die tragf\u00e4hig sind.<\/p>\n\n\n\n<ul class=\"wp-block-greyd-list\" id=\"list_6a01e33388750\">\n\n\n\n\n\n\n\n\n\n<\/ul>\n\n\n<\/div>\n\n\n<figure style=\"\" class=\"wp-block-image greyd-image dyn mi-rounded  gs_W4YWeH\"><img loading=\"lazy\" decoding=\"async\" width=\"2000\" height=\"2000\" src=\"https:\/\/www.adiuvis.de\/marktredwitz\/wp-content\/uploads\/sites\/6\/2026\/03\/adiuvis-leistungen-rechtsberatung-1x1-04-1.jpg\" class=\"wp-image-2243\" alt=\"adiuvis-leistungen-rechtsberatung-1x1-04\" srcset=\"https:\/\/www.adiuvis.de\/marktredwitz\/wp-content\/uploads\/sites\/6\/2026\/03\/adiuvis-leistungen-rechtsberatung-1x1-04-1.jpg 2000w, https:\/\/www.adiuvis.de\/marktredwitz\/wp-content\/uploads\/sites\/6\/2026\/03\/adiuvis-leistungen-rechtsberatung-1x1-04-1-300x300.jpg 300w, https:\/\/www.adiuvis.de\/marktredwitz\/wp-content\/uploads\/sites\/6\/2026\/03\/adiuvis-leistungen-rechtsberatung-1x1-04-1-1024x1024.jpg 1024w, https:\/\/www.adiuvis.de\/marktredwitz\/wp-content\/uploads\/sites\/6\/2026\/03\/adiuvis-leistungen-rechtsberatung-1x1-04-1-150x150.jpg 150w, https:\/\/www.adiuvis.de\/marktredwitz\/wp-content\/uploads\/sites\/6\/2026\/03\/adiuvis-leistungen-rechtsberatung-1x1-04-1-768x768.jpg 768w, https:\/\/www.adiuvis.de\/marktredwitz\/wp-content\/uploads\/sites\/6\/2026\/03\/adiuvis-leistungen-rechtsberatung-1x1-04-1-1536x1536.jpg 1536w\" sizes=\"auto, (max-width: 2000px) 100vw, 2000px\" \/><\/figure><\/div>\n<\/div>\n\n\n\n<div class=\"wp-block-group alignfull is-style-default mi-feature-section has-global-padding is-layout-constrained wp-container-core-group-is-layout-4897f5cc wp-block-group-is-layout-constrained\" style=\"margin-top:0;margin-bottom:0;padding-top:0;padding-bottom:0\">\n<div id=\"greyd-6a01e33388e7e\" class=\"wp-block-greyd-box alignfull gs_9fN3tC greyd-content-box gs_9fN3tC  is-position-sticky\">\n<div class=\"wp-block-group alignwide is-style-default has-global-padding is-layout-constrained wp-block-group-is-layout-constrained\" style=\"padding-top:0;padding-bottom:0\">\n<div class=\"wp-block-group alignwide u-align-start is-nowrap is-layout-flex wp-container-core-group-is-layout-dbbd0132 wp-block-group-is-layout-flex\" style=\"padding-top:var(--wp--preset--spacing--tiny);padding-bottom:var(--wp--preset--spacing--tiny)\">\n<p class=\"dyn\" style=\"font-style:normal;font-weight:700\">02<\/p>\n\n\n\n<p class=\"dyn\" style=\"font-style:normal;font-weight:700\">Partnerschaftlich handeln<\/p>\n<\/div>\n<\/div>\n<\/div>\n\n\n\n<div class=\"wp-block-group alignwide mi-flex-image-cover u-grid-max-2-md break-md is-style-defaut is-layout-grid wp-container-core-group-is-layout-7b894950 wp-block-group-is-layout-grid\" style=\"margin-top:0;margin-bottom:0;padding-top:var(--wp--preset--spacing--x-large);padding-right:0;padding-bottom:var(--wp--preset--spacing--x-large);padding-left:0\">\n<div class=\"wp-block-group mi-motion-reveal is-vertical is-layout-flex wp-container-core-group-is-layout-d6b9ab57 wp-block-group-is-layout-flex\">\n<h2 class=\"wp-block-heading dyn has-heading-2-font-size\">Partnerschaftlich handeln<\/h2>\n\n\n\n<p class=\"dyn has-medium-font-size\"><br>Partnerschaft bedeutet f\u00fcr uns Ehrlichkeit, Klarheit und maximales Vertrauen.<br><br>Klartext statt Paragraphen: Wir sprechen offen an, was wir sehen \u2013 auch wenn es unbequem ist. Teamwork statt Solo: Mandant:innen bringen ihr Unternehmen ein, wir unsere Expertise. Vertrauen statt Projektsicht: Lieber \u00fcber Jahre begleiten als kurzfristige Einzelauftr\u00e4ge bedienen.<\/p>\n\n\n\n<ul class=\"wp-block-greyd-list\" id=\"list_6a01e333890c3\">\n\n\n\n\n\n\n\n\n\n<\/ul>\n\n\n<\/div>\n\n\n<figure style=\"\" class=\"wp-block-image greyd-image dyn mi-rounded  gs_W4YWeH\"><img loading=\"lazy\" decoding=\"async\" width=\"2000\" height=\"2000\" src=\"https:\/\/www.adiuvis.de\/marktredwitz\/wp-content\/uploads\/sites\/6\/2026\/03\/adiuvis-leistungen-steuerberatung-1x1-04-1.jpg\" class=\"wp-image-2236\" alt=\"adiuvis-leistungen-steuerberatung-1x1-04\" srcset=\"https:\/\/www.adiuvis.de\/marktredwitz\/wp-content\/uploads\/sites\/6\/2026\/03\/adiuvis-leistungen-steuerberatung-1x1-04-1.jpg 2000w, https:\/\/www.adiuvis.de\/marktredwitz\/wp-content\/uploads\/sites\/6\/2026\/03\/adiuvis-leistungen-steuerberatung-1x1-04-1-300x300.jpg 300w, https:\/\/www.adiuvis.de\/marktredwitz\/wp-content\/uploads\/sites\/6\/2026\/03\/adiuvis-leistungen-steuerberatung-1x1-04-1-1024x1024.jpg 1024w, https:\/\/www.adiuvis.de\/marktredwitz\/wp-content\/uploads\/sites\/6\/2026\/03\/adiuvis-leistungen-steuerberatung-1x1-04-1-150x150.jpg 150w, https:\/\/www.adiuvis.de\/marktredwitz\/wp-content\/uploads\/sites\/6\/2026\/03\/adiuvis-leistungen-steuerberatung-1x1-04-1-768x768.jpg 768w, https:\/\/www.adiuvis.de\/marktredwitz\/wp-content\/uploads\/sites\/6\/2026\/03\/adiuvis-leistungen-steuerberatung-1x1-04-1-1536x1536.jpg 1536w\" sizes=\"auto, (max-width: 2000px) 100vw, 2000px\" \/><\/figure><\/div>\n<\/div>\n\n\n\n<div class=\"wp-block-group alignfull is-style-default mi-feature-section has-global-padding is-layout-constrained wp-container-core-group-is-layout-4897f5cc wp-block-group-is-layout-constrained\" style=\"margin-top:0;margin-bottom:0;padding-top:0;padding-bottom:0\">\n<div id=\"greyd-6a01e33389777\" class=\"wp-block-greyd-box alignfull gs_9fN3tC greyd-content-box gs_9fN3tC  is-position-sticky\">\n<div class=\"wp-block-group alignwide is-style-default has-global-padding is-layout-constrained wp-block-group-is-layout-constrained\" style=\"padding-top:0;padding-bottom:0\">\n<div class=\"wp-block-group alignwide u-align-start is-nowrap is-layout-flex wp-container-core-group-is-layout-dbbd0132 wp-block-group-is-layout-flex\" style=\"padding-top:var(--wp--preset--spacing--tiny);padding-bottom:var(--wp--preset--spacing--tiny)\">\n<p class=\"dyn\" style=\"font-style:normal;font-weight:700\">03 <\/p>\n\n\n\n<p class=\"dyn\" style=\"font-style:normal;font-weight:700\">Verantwortung \u00fcbernehmen<\/p>\n<\/div>\n<\/div>\n<\/div>\n\n\n\n<div class=\"wp-block-group alignwide mi-flex-image-cover u-grid-max-2-md break-md is-style-defaut is-layout-grid wp-container-core-group-is-layout-7b894950 wp-block-group-is-layout-grid\" style=\"margin-top:0;margin-bottom:0;padding-top:var(--wp--preset--spacing--x-large);padding-right:0;padding-bottom:var(--wp--preset--spacing--x-large);padding-left:0\">\n<div class=\"wp-block-group mi-motion-reveal is-vertical is-layout-flex wp-container-core-group-is-layout-d6b9ab57 wp-block-group-is-layout-flex\">\n<h2 class=\"wp-block-heading dyn has-heading-2-font-size\">Verantwortung \u00fcbernehmen<\/h2>\n\n\n\n<p class=\"dyn has-medium-font-size\"><br>Empfehlungen haben Konsequenzen \u2013 f\u00fcr Unternehmen, Menschen und Zahlen. Dieser Verantwortung stellen wir uns bewusst:<br><br>Wir w\u00e4gen nicht nur fachlich ab, sondern auch in Bezug auf Wirkung, Risiken und Nebenwirkungen. Wir verlassen uns nicht auf Standardma\u00dfnahmen, sondern entwickeln passgenaue L\u00f6sungen. Wir stehen auch dann an der Seite unserer Mandant:innen, wenn Entscheidungen umgesetzt und gelebt werden m\u00fcssen.<\/p>\n\n\n\n<ul class=\"wp-block-greyd-list\" id=\"list_6a01e333899bd\">\n\n\n\n\n\n\n\n\n\n<\/ul>\n\n\n<\/div>\n\n\n<figure style=\"\" class=\"wp-block-image greyd-image dyn mi-rounded  gs_W4YWeH\"><img loading=\"lazy\" decoding=\"async\" width=\"2000\" height=\"2000\" src=\"https:\/\/www.adiuvis.de\/marktredwitz\/wp-content\/uploads\/sites\/6\/2026\/03\/adiuvis-img-1x1-01-1.jpg\" class=\"wp-image-1072\" alt=\"adiuvis-img-1x1-01\" srcset=\"https:\/\/www.adiuvis.de\/marktredwitz\/wp-content\/uploads\/sites\/6\/2026\/03\/adiuvis-img-1x1-01-1.jpg 2000w, https:\/\/www.adiuvis.de\/marktredwitz\/wp-content\/uploads\/sites\/6\/2026\/03\/adiuvis-img-1x1-01-1-300x300.jpg 300w, https:\/\/www.adiuvis.de\/marktredwitz\/wp-content\/uploads\/sites\/6\/2026\/03\/adiuvis-img-1x1-01-1-1024x1024.jpg 1024w, https:\/\/www.adiuvis.de\/marktredwitz\/wp-content\/uploads\/sites\/6\/2026\/03\/adiuvis-img-1x1-01-1-150x150.jpg 150w, https:\/\/www.adiuvis.de\/marktredwitz\/wp-content\/uploads\/sites\/6\/2026\/03\/adiuvis-img-1x1-01-1-768x768.jpg 768w, https:\/\/www.adiuvis.de\/marktredwitz\/wp-content\/uploads\/sites\/6\/2026\/03\/adiuvis-img-1x1-01-1-1536x1536.jpg 1536w\" sizes=\"auto, (max-width: 2000px) 100vw, 2000px\" \/><\/figure><\/div>\n<\/div>\n<\/div>\n\n\n\n<section class=\"wp-block-group alignfull is-style-section-neutral has-global-padding is-layout-constrained wp-container-core-group-is-layout-80fba469 wp-block-group-is-layout-constrained is-style-section-neutral--3\" style=\"padding-top:var(--wp--preset--spacing--x-large);padding-bottom:var(--wp--preset--spacing--x-large)\">\n<div class=\"wp-block-group alignwide u-grid-max-2-md is-layout-grid wp-container-core-group-is-layout-e2bd5cb0 wp-block-group-is-layout-grid\">\n<div class=\"wp-block-group is-vertical is-layout-flex wp-container-core-group-is-layout-fe9cc265 wp-block-group-is-layout-flex\">\n<div id=\"greyd-6a01e3338a2a6\" class=\"wp-block-greyd-box gs_ZDDa8j greyd-content-box gs_ZDDa8j  is-position-sticky\">\n\n\n<div class=\"wp-block-group is-layout-flow wp-container-core-group-is-layout-67a28def wp-block-group-is-layout-flow\">\n<h2 class=\"wp-block-heading mi-rounded dyn has-heading-2-font-size\">Was Sie als Mandant:in von uns erwarten k\u00f6nnen<\/h2>\n\n\n\n\n<\/div>\n<\/div>\n<\/div>\n\n\n\n<div class=\"wp-block-group has-global-padding is-layout-constrained wp-block-group-is-layout-constrained\">\n<p>Orientierung in komplexen Situationen. Ob Nachfolge, Wachstum, Restrukturierung oder Transformation: Modernes Wirtschaften erfordert ganzheitliches Know-how in den unterschiedlichsten Beratungsfeldern. Wir b\u00fcndeln diese Schl\u00fcsselkompetenzen zu verl\u00e4sslichen Entscheidungsgrundlagen und klaren Empfehlungen.<\/p>\n\n\n\n<p>Die Leistungsfelder der Alliance \u2013 von der Steuerberatung \u00fcber Wirtschaftspr\u00fcfung und Rechtsberatung bis hin zu Consulting &amp; Transformation und Digitalen Services \u2013 sind Ausdruck dieses integrativen Ansatzes.<\/p>\n\n\n\n<div class=\"wp-block-group u-grid-auto-2 is-layout-grid wp-container-core-group-is-layout-7a4448cc wp-block-group-is-layout-grid\">\n<div class=\"wp-block-group is-layout-flow wp-container-core-group-is-layout-360d14ef wp-block-group-is-layout-flow\">\n\n\n<div class=\"wp-block-group is-layout-flow wp-container-core-group-is-layout-c2d9f68e wp-block-group-is-layout-flow\">\n<h5 class=\"wp-block-heading dyn\">Ehrliche Einsch\u00e4tzungen<\/h5>\n\n\n\n<p class=\"dyn\">Wir sagen, was geht, was nicht geht \u2013 und was wir f\u00fcr sinnvoll halten.<\/p>\n<\/div>\n<\/div>\n\n\n\n<div class=\"wp-block-group is-layout-flow wp-container-core-group-is-layout-360d14ef wp-block-group-is-layout-flow\">\n\n\n<div class=\"wp-block-group is-layout-flow wp-container-core-group-is-layout-c2d9f68e wp-block-group-is-layout-flow\">\n<h5 class=\"wp-block-heading dyn\">Struktur in Entscheidungsprozessen<\/h5>\n\n\n\n<p class=\"dyn\">Wir helfen, Optionen zu sortieren, Szenarien zu bewerten und Priorit\u00e4ten festzulegen.<\/p>\n<\/div>\n<\/div>\n\n\n\n<div class=\"wp-block-group is-layout-flow wp-container-core-group-is-layout-360d14ef wp-block-group-is-layout-flow\">\n\n\n<div class=\"wp-block-group is-layout-flow wp-container-core-group-is-layout-c2d9f68e wp-block-group-is-layout-flow\">\n<h5 class=\"wp-block-heading dyn\">Fokus auf Umsetzbarkeit<\/h5>\n\n\n\n<p class=\"dyn\">Wir begleiten Sie bei der Umsetzung konkreter Ma\u00dfnahmen \u2013 in Prozessen, Teams und Systemen.<\/p>\n<\/div>\n<\/div>\n<\/div>\n<\/div>\n<\/div>\n\n\n\n<div class=\"wp-block-group alignwide u-grid-max-2-md is-layout-grid wp-container-core-group-is-layout-e2bd5cb0 wp-block-group-is-layout-grid\">\n<div class=\"wp-block-group is-vertical is-layout-flex wp-container-core-group-is-layout-fe9cc265 wp-block-group-is-layout-flex\">\n<div id=\"greyd-6a01e3338a991\" class=\"wp-block-greyd-box gs_ZDDa8j greyd-content-box gs_ZDDa8j  is-position-sticky\">\n\n\n<div class=\"wp-block-group is-layout-flow wp-container-core-group-is-layout-67a28def wp-block-group-is-layout-flow\">\n<h2 class=\"wp-block-heading mi-rounded dyn has-heading-2-font-size\">Wie wir in der Alliance zusammenarbeiten<\/h2>\n\n\n\n\n<\/div>\n<\/div>\n<\/div>\n\n\n\n<div class=\"wp-block-group has-global-padding is-layout-constrained wp-block-group-is-layout-constrained\">\n<p>Aus Synergien wird Wachstum. Die ADIUVIS Consulting Alliance ist ein lebendes System. H\u00e4user, Teams und Menschen bringen ihre St\u00e4rken ein und erarbeiten Chancen und Vorsprung f\u00fcr unsere Mandant:innen.<\/p>\n\n\n\n<p>Diese Philosophie und Wertekultur wird getragen und gelebt von einem Team, das sich t\u00e4glich in den Dienst unserer Mandant:innen stellt. Sie und alle \u201eMitglieder, Partner &amp; Standorte\u201c sind die tragende S\u00e4ule der ADIUVIS Consulting Alliance.<\/p>\n\n\n\n<div class=\"wp-block-group u-grid-auto-2 is-layout-grid wp-container-core-group-is-layout-7a4448cc wp-block-group-is-layout-grid\">\n<div class=\"wp-block-group is-layout-flow wp-container-core-group-is-layout-360d14ef wp-block-group-is-layout-flow\">\n\n\n<div class=\"wp-block-group is-layout-flow wp-container-core-group-is-layout-c2d9f68e wp-block-group-is-layout-flow\">\n<h5 class=\"wp-block-heading dyn\">Wir teilen unser Wissen<\/h5>\n\n\n\n<p class=\"dyn\">Wir schaffen ein Bewusstsein f\u00fcr Know-how als wertvollste Ressource im Unternehmen \u2013 durch fachlichen Austausch, interne Formate, Weiterentwicklungen und gemeinsame Projekte.<\/p>\n<\/div>\n<\/div>\n\n\n\n<div class=\"wp-block-group is-layout-flow wp-container-core-group-is-layout-360d14ef wp-block-group-is-layout-flow\">\n\n\n<div class=\"wp-block-group is-layout-flow wp-container-core-group-is-layout-c2d9f68e wp-block-group-is-layout-flow\">\n<h5 class=\"wp-block-heading dyn\">Wir entwickeln Standards weiter<\/h5>\n\n\n\n<p class=\"dyn\">Wir sch\u00e4rfen und perfektionieren kontinuierlich Qualit\u00e4tsma\u00dfst\u00e4be, Methoden und Arbeitsweisen.<\/p>\n<\/div>\n<\/div>\n\n\n\n<div class=\"wp-block-group is-layout-flow wp-container-core-group-is-layout-360d14ef wp-block-group-is-layout-flow\">\n\n\n<div class=\"wp-block-group is-layout-flow wp-container-core-group-is-layout-c2d9f68e wp-block-group-is-layout-flow\">\n<h5 class=\"wp-block-heading dyn\">Wir treiben Wachstum voran<\/h5>\n\n\n\n<p class=\"dyn\">Wir gewinnen neue Partner, die unsere Einstellungen, Motivation und unseren Anspruch teilen.<\/p>\n<\/div>\n<\/div>\n<\/div>\n<\/div>\n<\/div>\n\n\n\n<div class=\"wp-block-group alignwide u-grid-max-2-md is-layout-grid wp-container-core-group-is-layout-e2bd5cb0 wp-block-group-is-layout-grid\">\n<div class=\"wp-block-group is-vertical is-layout-flex wp-container-core-group-is-layout-fe9cc265 wp-block-group-is-layout-flex\">\n<div id=\"greyd-6a01e3338b017\" class=\"wp-block-greyd-box gs_ZDDa8j greyd-content-box gs_ZDDa8j  is-position-sticky\">\n\n\n<div class=\"wp-block-group is-layout-flow wp-container-core-group-is-layout-67a28def wp-block-group-is-layout-flow\">\n<h2 class=\"wp-block-heading mi-rounded dyn has-heading-2-font-size\">Unsere Philosophie passt zu Ihnen?<\/h2>\n\n\n\n\n<\/div>\n<\/div>\n<\/div>\n\n\n\n<div class=\"wp-block-group has-global-padding is-layout-constrained wp-block-group-is-layout-constrained\">\n<p>Wenn Sie diese folgenden drei Fragen mit ja beantworten k\u00f6nnen, sollten wir uns kennenlernen. Auf unserer <a href=\"https:\/\/www.adiuvis.de\/marktredwitz\/kontakt\/\" data-type=\"page\" data-id=\"737\">Kontaktseite<\/a> k\u00f6nnen Sie schnell und direkt einen Termin f\u00fcr ein Erstgespr\u00e4ch vereinbaren. Wir freuen uns darauf Sie kennenzulernen!<\/p>\n\n\n\n<div class=\"wp-block-group u-grid-auto-2 is-layout-grid wp-container-core-group-is-layout-7a4448cc wp-block-group-is-layout-grid\">\n<div class=\"wp-block-group is-layout-flow wp-container-core-group-is-layout-360d14ef wp-block-group-is-layout-flow\">\n\n\n<div class=\"wp-block-group is-layout-flow wp-container-core-group-is-layout-c2d9f68e wp-block-group-is-layout-flow\">\n<h5 class=\"wp-block-heading dyn\">Sparringspartner<\/h5>\n\n\n\n<p class=\"dyn\">Sie suchen keine reine Standardl\u00f6sung, sondern einen Sparringspartner, der mitdenkt und mitverantwortet?<\/p>\n<\/div>\n<\/div>\n\n\n\n<div class=\"wp-block-group is-layout-flow wp-container-core-group-is-layout-360d14ef wp-block-group-is-layout-flow\">\n\n\n<div class=\"wp-block-group is-layout-flow wp-container-core-group-is-layout-c2d9f68e wp-block-group-is-layout-flow\">\n<h5 class=\"wp-block-heading dyn\">Offenheit<\/h5>\n\n\n\n<p class=\"dyn\">Sie sind bereit, offen \u00fcber Zahlen, Gesch\u00e4ftsmodelle und Menschen zu sprechen?<\/p>\n<\/div>\n<\/div>\n\n\n\n<div class=\"wp-block-group is-layout-flow wp-container-core-group-is-layout-360d14ef wp-block-group-is-layout-flow\">\n\n\n<div class=\"wp-block-group is-layout-flow wp-container-core-group-is-layout-c2d9f68e wp-block-group-is-layout-flow\">\n<h5 class=\"wp-block-heading dyn\">Partnerschaft<\/h5>\n\n\n\n<p class=\"dyn\">Sie w\u00fcnschen sich ein Beraterteam, das langfristig an Ihrer Seite bleibt?<\/p>\n<\/div>\n<\/div>\n<\/div>\n<\/div>\n<\/div>\n<\/section>\n\n\n\n<section class=\"wp-block-group alignwide is-style-default is-layout-flow wp-block-group-is-layout-flow\" style=\"margin-top:var(--wp--preset--spacing--x-large);margin-bottom:var(--wp--preset--spacing--x-large)\">\n<div class=\"wp-block-group mi-rounded mi-brand-element is-style-section-brand has-global-padding is-layout-constrained wp-block-group-is-layout-constrained is-style-section-brand--4\" style=\"padding-top:var(--wp--preset--spacing--x-large);padding-bottom:var(--wp--preset--spacing--x-large)\">\n<div class=\"wp-block-group u-narrow is-vertical is-content-justification-center is-layout-flex wp-container-core-group-is-layout-ce155fab wp-block-group-is-layout-flex\">\n<h3 class=\"wp-block-heading has-text-align-center dyn has-heading-2-font-size\">Lassen Sie uns<br>gemeinsam starten.<\/h3>\n\n\n\n<p class=\"has-text-align-center dyn\">Herausforderungen sehen wir als Chance, gemeinsam nachhaltige L\u00f6sungen zu entwickeln.<\/p>\n\n\n\n<div class=\"wp-block-greyd-buttons dyn\">\n<a  href=\"https:\/\/www.adiuvis.de\/marktredwitz\/kontakt\/\" title=\"Kontakt\" class=\"button dyn gs_YOieMC \"><span style=\"flex:1\">Beratungsgespr\u00e4ch vereinbaren<\/span><span class=\"arrow_right\" style=\"vertical-align:middle;font-size:100%;margin-left:10px\" aria-hidden=\"true\"><\/span><\/a>\n<\/div>\n<\/div>\n<\/div>\n<\/section>\n","protected":false},"excerpt":{"rendered":"<p>Orientierung in komplexen Situationen. Ob Nachfolge, Wachstum, Restrukturierung oder Transformation: Modernes Wirtschaften erfordert ganzheitliches Know-how in den unterschiedlichsten Beratungsfeldern. Wir b\u00fcndeln diese Schl\u00fcsselkompetenzen zu verl\u00e4sslichen Entscheidungsgrundlagen und klaren Empfehlungen. Die Leistungsfelder der Alliance \u2013 von der Steuerberatung \u00fcber Wirtschaftspr\u00fcfung und Rechtsberatung bis hin zu Consulting &amp; Transformation und Digitalen Services \u2013 sind Ausdruck dieses integrativen [&hellip;]<\/p>\n","protected":false},"author":1,"featured_media":0,"parent":0,"menu_order":0,"comment_status":"closed","ping_status":"closed","template":"","meta":{"greyd_block_editor_preview":[],"footnotes":""},"class_list":["post-728","page","type-page","status-publish","hentry"],"_links":{"self":[{"href":"https:\/\/www.adiuvis.de\/marktredwitz\/wp-json\/wp\/v2\/pages\/728","targetHints":{"allow":["GET"]}}],"collection":[{"href":"https:\/\/www.adiuvis.de\/marktredwitz\/wp-json\/wp\/v2\/pages"}],"about":[{"href":"https:\/\/www.adiuvis.de\/marktredwitz\/wp-json\/wp\/v2\/types\/page"}],"author":[{"embeddable":true,"href":"https:\/\/www.adiuvis.de\/marktredwitz\/wp-json\/wp\/v2\/users\/1"}],"replies":[{"embeddable":true,"href":"https:\/\/www.adiuvis.de\/marktredwitz\/wp-json\/wp\/v2\/comments?post=728"}],"version-history":[{"count":1,"href":"https:\/\/www.adiuvis.de\/marktredwitz\/wp-json\/wp\/v2\/pages\/728\/revisions"}],"predecessor-version":[{"id":2642,"href":"https:\/\/www.adiuvis.de\/marktredwitz\/wp-json\/wp\/v2\/pages\/728\/revisions\/2642"}],"wp:attachment":[{"href":"https:\/\/www.adiuvis.de\/marktredwitz\/wp-json\/wp\/v2\/media?parent=728"}],"curies":[{"name":"wp","href":"https:\/\/api.w.org\/{rel}","templated":true}]}}